{"id":683,"date":"2020-10-07T09:22:34","date_gmt":"2020-10-07T09:22:34","guid":{"rendered":"http:\/\/dev.linkandgrow.pt\/aeroffice\/?page_id=683"},"modified":"2024-01-22T14:30:05","modified_gmt":"2024-01-22T13:30:05","slug":"evenements","status":"publish","type":"page","link":"https:\/\/aeroffice.fr\/index.php\/evenements\/","title":{"rendered":"\u00c9v\u00e9nements"},"content":{"rendered":"\t\t<div data-elementor-type=\"wp-post\" data-elementor-id=\"683\" class=\"elementor elementor-683\">\n\t\t\t\t\t\t<section class=\"elementor-section elementor-top-section elementor-element elementor-element-6b49463 elementor-section-boxed elementor-section-height-default elementor-section-height-default\" data-id=\"6b49463\" data-element_type=\"section\" data-e-type=\"section\" data-settings=\"{&quot;background_background&quot;:&quot;classic&quot;}\">\n\t\t\t\t\t\t<div class=\"elementor-container elementor-column-gap-default\">\n\t\t\t\t\t<div class=\"elementor-column elementor-col-100 elementor-top-column elementor-element elementor-element-7a290af\" data-id=\"7a290af\" data-element_type=\"column\" data-e-type=\"column\" data-settings=\"{&quot;background_background&quot;:&quot;classic&quot;}\">\n\t\t\t<div class=\"elementor-widget-wrap elementor-element-populated\">\n\t\t\t\t\t\t<section class=\"elementor-section elementor-inner-section elementor-element elementor-element-cb9a07a elementor-section-boxed elementor-section-height-default elementor-section-height-default\" data-id=\"cb9a07a\" data-element_type=\"section\" data-e-type=\"section\">\n\t\t\t\t\t\t<div class=\"elementor-container elementor-column-gap-default\">\n\t\t\t\t\t<div class=\"elementor-column elementor-col-50 elementor-inner-column elementor-element elementor-element-a206c05\" data-id=\"a206c05\" data-element_type=\"column\" data-e-type=\"column\">\n\t\t\t<div class=\"elementor-widget-wrap elementor-element-populated\">\n\t\t\t\t\t\t<div class=\"elementor-element elementor-element-c598168 elementor-widget elementor-widget-text-editor\" data-id=\"c598168\" data-element_type=\"widget\" data-e-type=\"widget\" data-widget_type=\"text-editor.default\">\n\t\t\t\t<div class=\"elementor-widget-container\">\n\t\t\t\t\t\t\t\t\t<h1>Ev\u00e8nements<\/h1>\t\t\t\t\t\t\t\t<\/div>\n\t\t\t\t<\/div>\n\t\t\t\t\t<\/div>\n\t\t<\/div>\n\t\t\t\t<div class=\"elementor-column elementor-col-50 elementor-inner-column elementor-element elementor-element-e4f355c\" data-id=\"e4f355c\" data-element_type=\"column\" data-e-type=\"column\">\n\t\t\t<div class=\"elementor-widget-wrap elementor-element-populated\">\n\t\t\t\t\t\t<div class=\"elementor-element elementor-element-155cf29 elementor-view-default elementor-widget elementor-widget-icon\" data-id=\"155cf29\" data-element_type=\"widget\" data-e-type=\"widget\" data-widget_type=\"icon.default\">\n\t\t\t\t<div class=\"elementor-widget-container\">\n\t\t\t\t\t\t\t<div class=\"elementor-icon-wrapper\">\n\t\t\t<div class=\"elementor-icon elementor-animation-float\">\n\t\t\t<i aria-hidden=\"true\" class=\"far fa-calendar-alt\"><\/i>\t\t\t<\/div>\n\t\t<\/div>\n\t\t\t\t\t\t<\/div>\n\t\t\t\t<\/div>\n\t\t\t\t\t<\/div>\n\t\t<\/div>\n\t\t\t\t\t<\/div>\n\t\t<\/section>\n\t\t\t\t<div class=\"elementor-element elementor-element-dd6656a elementor-widget elementor-widget-eael-event-calendar\" data-id=\"dd6656a\" data-element_type=\"widget\" data-e-type=\"widget\" data-widget_type=\"eael-event-calendar.default\">\n\t\t\t\t<div class=\"elementor-widget-container\">\n\t\t\t\t\t<div class=\"eael-event-calendar-wrapper layout-calendar\"><div id=\"eael-event-calendar-dd6656a\" class=\"eael-event-calendar-cls\"\n            data-cal_id = \"dd6656a\"\n            data-locale = \"fr\"\n            data-translate = \"{&quot;today&quot;:&quot;Today&quot;,&quot;tomorrow&quot;:&quot;Tomorrow&quot;}\"\n            data-defaultview = \"dayGridMonth\"\n            data-defaultdate = \"2023-05-11\"\n            data-time_format = \"\"\n            data-event_limit = \"3\"\n            data-popup_date_format = \"MMM Do\"\n            data-multidays_event_day_count= \"0\"\n            data-monthColumnHeaderFormat = \"\"\n            data-weekColumnHeaderFormat = \"\"\n            data-hideDetailsLink= \"\"\n            data-detailsButtonText = \"Atelier Miel \"\n            data-location-display = \"\"\n            data-events=\"[{&quot;id&quot;:0,&quot;title&quot;:&quot;Stage bien \\u00eatre&quot;,&quot;description&quot;:&quot;&lt;p&gt;Programme:\\u00a0&lt;\\\/p&gt;&lt;p&gt;09h30-11h00 - Danse libre\\u00a0&lt;\\\/p&gt;&lt;p&gt;11h15-12h00 - Pilates\\u00a0&lt;\\\/p&gt;&lt;p&gt;12h15-13h00 - Yoga Nidra&lt;\\\/p&gt;&lt;p&gt;13h00-14h00-D\\u00e9jeuner&lt;\\\/p&gt;&quot;,&quot;start&quot;:&quot;2024-01-18 09:00&quot;,&quot;end&quot;:&quot;2024-01-18 02:00:01&quot;,&quot;borderColor&quot;:&quot;#E8E6ED&quot;,&quot;textColor&quot;:&quot;#ffffff&quot;,&quot;color&quot;:&quot;#5725ff&quot;,&quot;url&quot;:&quot;&quot;,&quot;allDay&quot;:&quot;&quot;,&quot;external&quot;:&quot;&quot;,&quot;nofollow&quot;:&quot;&quot;,&quot;is_redirect&quot;:&quot;&quot;,&quot;custom_attributes&quot;:[],&quot;location&quot;:&quot;&quot;,&quot;category&quot;:&quot;&quot;,&quot;event_link&quot;:{&quot;url&quot;:&quot;&quot;,&quot;is_external&quot;:&quot;&quot;,&quot;nofollow&quot;:&quot;&quot;,&quot;custom_attributes&quot;:&quot;&quot;}},{&quot;id&quot;:1,&quot;title&quot;:&quot;Chandeleur 2023&quot;,&quot;description&quot;:&quot;&quot;,&quot;start&quot;:&quot;2023-02-09 18:00&quot;,&quot;end&quot;:&quot;2023-02-09 18:30:01&quot;,&quot;borderColor&quot;:&quot;#E8E6ED&quot;,&quot;textColor&quot;:&quot;#ffffff&quot;,&quot;color&quot;:&quot;#5725ff&quot;,&quot;url&quot;:&quot;&quot;,&quot;allDay&quot;:&quot;&quot;,&quot;external&quot;:&quot;&quot;,&quot;nofollow&quot;:&quot;&quot;,&quot;is_redirect&quot;:&quot;&quot;,&quot;custom_attributes&quot;:[],&quot;location&quot;:&quot;&quot;,&quot;category&quot;:&quot;&quot;,&quot;event_link&quot;:{&quot;url&quot;:&quot;&quot;,&quot;is_external&quot;:&quot;&quot;,&quot;nofollow&quot;:&quot;&quot;,&quot;custom_attributes&quot;:&quot;&quot;}},{&quot;id&quot;:2,&quot;title&quot;:&quot;Atelier miel&quot;,&quot;description&quot;:&quot;&quot;,&quot;start&quot;:&quot;2023-05-11 18:30&quot;,&quot;end&quot;:&quot;2023-05-11 18:30:01&quot;,&quot;borderColor&quot;:&quot;#E8E6ED&quot;,&quot;textColor&quot;:&quot;#ffffff&quot;,&quot;color&quot;:&quot;#5725ff&quot;,&quot;url&quot;:&quot;&quot;,&quot;allDay&quot;:&quot;&quot;,&quot;external&quot;:&quot;&quot;,&quot;nofollow&quot;:&quot;&quot;,&quot;is_redirect&quot;:&quot;&quot;,&quot;custom_attributes&quot;:[],&quot;location&quot;:&quot;&quot;,&quot;category&quot;:&quot;&quot;,&quot;event_link&quot;:{&quot;url&quot;:&quot;&quot;,&quot;is_external&quot;:&quot;&quot;,&quot;nofollow&quot;:&quot;&quot;,&quot;custom_attributes&quot;:&quot;&quot;}},{&quot;id&quot;:3,&quot;title&quot;:&quot;D\\u00e9jeuner Barbecue&quot;,&quot;description&quot;:&quot;&quot;,&quot;start&quot;:&quot;2023-06-22 12:25&quot;,&quot;end&quot;:&quot;2023-06-22 14:00:01&quot;,&quot;borderColor&quot;:&quot;#E8E6ED&quot;,&quot;textColor&quot;:&quot;#ffffff&quot;,&quot;color&quot;:&quot;#5725ff&quot;,&quot;url&quot;:&quot;&quot;,&quot;allDay&quot;:&quot;&quot;,&quot;external&quot;:&quot;&quot;,&quot;nofollow&quot;:&quot;&quot;,&quot;is_redirect&quot;:&quot;&quot;,&quot;custom_attributes&quot;:[],&quot;location&quot;:&quot;&quot;,&quot;category&quot;:&quot;&quot;,&quot;event_link&quot;:{&quot;url&quot;:&quot;&quot;,&quot;is_external&quot;:&quot;&quot;,&quot;nofollow&quot;:&quot;&quot;,&quot;custom_attributes&quot;:&quot;&quot;}}]\"\n            data-thumbnail_position = \"\"\n            data-first_day=\"1\"><\/div><div id=\"eaelecModal\" class=\"eaelec-modal eael-zoom-in\">\n            <div class=\"eaelec-modal-content\">\n                <div class=\"eaelec-modal-header\">\n                    <div class=\"eaelec-modal-close\"><span><i class=\"fas fa-times\"><\/i><\/span><\/div>\n                    <h2 class=\"eael-ec-modal-title\"><\/h2>\n                    <span class=\"eaelec-event-date-start eaelec-event-popup-date\"><\/span>\n                    <span class=\"eaelec-event-date-end eaelec-event-popup-date\"><\/span>\n                    <span class=\"eaelec-event-location eaelec-event-popup-location\" style=\"display: none;\"><\/span>\n                <\/div>\n                <div class=\"eaelec-modal-body\">\n                    <p><\/p>\n                <\/div>\n                <div class=\"eaelec-modal-footer\">\n                    <a class=\"eaelec-event-details-link\">Atelier Miel <\/a>\n                <\/div>\n            <\/div>\n        <\/div><\/div>\t\t\t\t<\/div>\n\t\t\t\t<\/div>\n\t\t\t\t\t<\/div>\n\t\t<\/div>\n\t\t\t\t\t<\/div>\n\t\t<\/section>\n\t\t\t\t<section class=\"elementor-section elementor-top-section elementor-element elementor-element-665e4d20 elementor-section-boxed elementor-section-height-default elementor-section-height-default\" data-id=\"665e4d20\" data-element_type=\"section\" data-e-type=\"section\" data-settings=\"{&quot;background_background&quot;:&quot;classic&quot;}\">\n\t\t\t\t\t\t<div class=\"elementor-container elementor-column-gap-default\">\n\t\t\t\t\t<div class=\"elementor-column elementor-col-100 elementor-top-column elementor-element elementor-element-a385937\" data-id=\"a385937\" data-element_type=\"column\" data-e-type=\"column\" data-settings=\"{&quot;background_background&quot;:&quot;classic&quot;}\">\n\t\t\t<div class=\"elementor-widget-wrap elementor-element-populated\">\n\t\t\t\t\t\t<section class=\"elementor-section elementor-inner-section elementor-element elementor-element-cbd9c30 elementor-section-boxed elementor-section-height-default elementor-section-height-default\" data-id=\"cbd9c30\" data-element_type=\"section\" data-e-type=\"section\">\n\t\t\t\t\t\t<div class=\"elementor-container elementor-column-gap-extended\">\n\t\t\t\t\t<div class=\"elementor-column elementor-col-50 elementor-inner-column elementor-element elementor-element-7206d78\" data-id=\"7206d78\" data-element_type=\"column\" data-e-type=\"column\">\n\t\t\t<div class=\"elementor-widget-wrap elementor-element-populated\">\n\t\t\t\t\t\t<div class=\"elementor-element elementor-element-0c6fd48 elementor-widget elementor-widget-image\" data-id=\"0c6fd48\" data-element_type=\"widget\" data-e-type=\"widget\" data-widget_type=\"image.default\">\n\t\t\t\t<div class=\"elementor-widget-container\">\n\t\t\t\t\t\t\t\t\t\t\t\t\t\t\t<img fetchpriority=\"high\" decoding=\"async\" width=\"1024\" height=\"682\" src=\"https:\/\/aeroffice.fr\/wp-content\/uploads\/2020\/10\/salle-embarquement-1024x682.jpg\" class=\"attachment-large size-large wp-image-789\" alt=\"salle embarquement\" srcset=\"https:\/\/aeroffice.fr\/wp-content\/uploads\/2020\/10\/salle-embarquement-1024x682.jpg 1024w, https:\/\/aeroffice.fr\/wp-content\/uploads\/2020\/10\/salle-embarquement-300x200.jpg 300w, https:\/\/aeroffice.fr\/wp-content\/uploads\/2020\/10\/salle-embarquement-768x512.jpg 768w, https:\/\/aeroffice.fr\/wp-content\/uploads\/2020\/10\/salle-embarquement-1200x800.jpg 1200w, https:\/\/aeroffice.fr\/wp-content\/uploads\/2020\/10\/salle-embarquement.jpg 1400w\" sizes=\"(max-width: 1024px) 100vw, 1024px\" \/>\t\t\t\t\t\t\t\t\t\t\t\t\t\t\t<\/div>\n\t\t\t\t<\/div>\n\t\t\t\t\t<\/div>\n\t\t<\/div>\n\t\t\t\t<div class=\"elementor-column elementor-col-50 elementor-inner-column elementor-element elementor-element-7fabf04\" data-id=\"7fabf04\" data-element_type=\"column\" data-e-type=\"column\">\n\t\t\t<div class=\"elementor-widget-wrap elementor-element-populated\">\n\t\t\t\t\t\t<div class=\"elementor-element elementor-element-ec3c699 elementor-widget elementor-widget-text-editor\" data-id=\"ec3c699\" data-element_type=\"widget\" data-e-type=\"widget\" data-widget_type=\"text-editor.default\">\n\t\t\t\t<div class=\"elementor-widget-container\">\n\t\t\t\t\t\t\t\t\t<h2>\u00c9v\u00e9nements Priv\u00e9s<\/h2><p>Si vous avez besoin d\u2019un espace pour accueillir des soir\u00e9es priv\u00e9es, des s\u00e9ances de team building, pr\u00e9senter un nouveau projet, ou si vous souhaitez lancer un produit, nous avons la salle d\u2019embarquement pouvant accueillir jusqu&rsquo;\u00e0 99 personnes, la salle de Conf\u00e9rence, la salle Steward ainsi que la salle de Briefing \u00e0 votre disposition pour organiser votre \u00e9v\u00e9nement id\u00e9al.<\/p>\t\t\t\t\t\t\t\t<\/div>\n\t\t\t\t<\/div>\n\t\t\t\t<div class=\"elementor-element elementor-element-87e4fa3 elementor-widget elementor-widget-button\" data-id=\"87e4fa3\" data-element_type=\"widget\" data-e-type=\"widget\" data-widget_type=\"button.default\">\n\t\t\t\t<div class=\"elementor-widget-container\">\n\t\t\t\t\t\t\t\t\t<div class=\"elementor-button-wrapper\">\n\t\t\t\t\t<a class=\"elementor-button elementor-button-link elementor-size-md\" href=\"http:\/\/aeroffice.fr\/index.php\/contact\/\">\n\t\t\t\t\t\t<span class=\"elementor-button-content-wrapper\">\n\t\t\t\t\t\t\t\t\t<span class=\"elementor-button-text\">R\u00e9server un espace<\/span>\n\t\t\t\t\t<\/span>\n\t\t\t\t\t<\/a>\n\t\t\t\t<\/div>\n\t\t\t\t\t\t\t\t<\/div>\n\t\t\t\t<\/div>\n\t\t\t\t\t<\/div>\n\t\t<\/div>\n\t\t\t\t\t<\/div>\n\t\t<\/section>\n\t\t\t\t\t<\/div>\n\t\t<\/div>\n\t\t\t\t\t<\/div>\n\t\t<\/section>\n\t\t\t\t<\/div>\n\t\t","protected":false},"excerpt":{"rendered":"<p>Ev\u00e8nements Atelier Miel \u00c9v\u00e9nements Priv\u00e9s Si vous avez besoin d\u2019un espace pour accueillir des soir\u00e9es priv\u00e9es, des s\u00e9ances de team building, pr\u00e9senter un nouveau projet, ou si vous souhaitez lancer un produit, nous avons la salle d\u2019embarquement pouvant accueillir jusqu&rsquo;\u00e0 99 personnes, la salle de Conf\u00e9rence, la salle Steward ainsi que la salle de Briefing [&hellip;]<\/p>\n","protected":false},"author":1,"featured_media":0,"parent":0,"menu_order":0,"comment_status":"closed","ping_status":"closed","template":"page-templates\/pagebuilder.php","meta":{"footnotes":""},"class_list":["post-683","page","type-page","status-publish","hentry"],"_links":{"self":[{"href":"https:\/\/aeroffice.fr\/index.php\/wp-json\/wp\/v2\/pages\/683"}],"collection":[{"href":"https:\/\/aeroffice.fr\/index.php\/wp-json\/wp\/v2\/pages"}],"about":[{"href":"https:\/\/aeroffice.fr\/index.php\/wp-json\/wp\/v2\/types\/page"}],"author":[{"embeddable":true,"href":"https:\/\/aeroffice.fr\/index.php\/wp-json\/wp\/v2\/users\/1"}],"replies":[{"embeddable":true,"href":"https:\/\/aeroffice.fr\/index.php\/wp-json\/wp\/v2\/comments?post=683"}],"version-history":[{"count":47,"href":"https:\/\/aeroffice.fr\/index.php\/wp-json\/wp\/v2\/pages\/683\/revisions"}],"predecessor-version":[{"id":1449,"href":"https:\/\/aeroffice.fr\/index.php\/wp-json\/wp\/v2\/pages\/683\/revisions\/1449"}],"wp:attachment":[{"href":"https:\/\/aeroffice.fr\/index.php\/wp-json\/wp\/v2\/media?parent=683"}],"curies":[{"name":"wp","href":"https:\/\/api.w.org\/{rel}","templated":true}]}}