{"id":685,"date":"2020-10-07T09:23:19","date_gmt":"2020-10-07T09:23:19","guid":{"rendered":"http:\/\/dev.linkandgrow.pt\/aeroffice\/?page_id=685"},"modified":"2023-06-22T17:49:40","modified_gmt":"2023-06-22T15:49:40","slug":"partenaires","status":"publish","type":"page","link":"https:\/\/aeroffice.fr\/index.php\/partenaires\/","title":{"rendered":"Partenaires"},"content":{"rendered":"\t\t<div data-elementor-type=\"wp-post\" data-elementor-id=\"685\" class=\"elementor elementor-685\">\n\t\t\t\t\t\t<section class=\"elementor-section elementor-top-section elementor-element elementor-element-11bd305 elementor-section-boxed elementor-section-height-default elementor-section-height-default\" data-id=\"11bd305\" data-element_type=\"section\" data-e-type=\"section\">\n\t\t\t\t\t\t<div class=\"elementor-container elementor-column-gap-default\">\n\t\t\t\t\t<div class=\"elementor-column elementor-col-25 elementor-top-column elementor-element elementor-element-f92a42f\" data-id=\"f92a42f\" data-element_type=\"column\" data-e-type=\"column\">\n\t\t\t<div class=\"elementor-widget-wrap\">\n\t\t\t\t\t\t\t<\/div>\n\t\t<\/div>\n\t\t\t\t<div class=\"elementor-column elementor-col-50 elementor-top-column elementor-element elementor-element-f8cfe0c\" data-id=\"f8cfe0c\" data-element_type=\"column\" data-e-type=\"column\">\n\t\t\t<div class=\"elementor-widget-wrap elementor-element-populated\">\n\t\t\t\t\t\t<div class=\"elementor-element elementor-element-1b8581e elementor-widget elementor-widget-text-editor\" data-id=\"1b8581e\" data-element_type=\"widget\" data-e-type=\"widget\" data-widget_type=\"text-editor.default\">\n\t\t\t\t<div class=\"elementor-widget-container\">\n\t\t\t\t\t\t\t\t\t<h1>Partenaires<\/h1><p>\u00a0<\/p>\t\t\t\t\t\t\t\t<\/div>\n\t\t\t\t<\/div>\n\t\t\t\t\t<\/div>\n\t\t<\/div>\n\t\t\t\t<div class=\"elementor-column elementor-col-25 elementor-top-column elementor-element elementor-element-867538c\" data-id=\"867538c\" data-element_type=\"column\" data-e-type=\"column\">\n\t\t\t<div class=\"elementor-widget-wrap\">\n\t\t\t\t\t\t\t<\/div>\n\t\t<\/div>\n\t\t\t\t\t<\/div>\n\t\t<\/section>\n\t\t\t\t<section class=\"elementor-section elementor-top-section elementor-element elementor-element-981d3ac elementor-section-boxed elementor-section-height-default elementor-section-height-default\" data-id=\"981d3ac\" data-element_type=\"section\" data-e-type=\"section\">\n\t\t\t\t\t\t<div class=\"elementor-container elementor-column-gap-default\">\n\t\t\t\t\t<div class=\"elementor-column elementor-col-33 elementor-top-column elementor-element elementor-element-53cb85a\" data-id=\"53cb85a\" data-element_type=\"column\" data-e-type=\"column\">\n\t\t\t<div class=\"elementor-widget-wrap elementor-element-populated\">\n\t\t\t\t\t\t<div class=\"elementor-element elementor-element-5775474 elementor-position-top elementor-widget elementor-widget-image-box\" data-id=\"5775474\" data-element_type=\"widget\" data-e-type=\"widget\" data-widget_type=\"image-box.default\">\n\t\t\t\t<div class=\"elementor-widget-container\">\n\t\t\t\t\t<div class=\"elementor-image-box-wrapper\"><figure class=\"elementor-image-box-img\"><a href=\"https:\/\/www.linkandgrow.fr\/\" tabindex=\"-1\"><img decoding=\"async\" width=\"500\" height=\"92\" src=\"https:\/\/aeroffice.fr\/wp-content\/uploads\/2020\/10\/linkandgrow.jpg\" class=\"elementor-animation-float attachment-full size-full wp-image-912\" alt=\"\" srcset=\"https:\/\/aeroffice.fr\/wp-content\/uploads\/2020\/10\/linkandgrow.jpg 500w, https:\/\/aeroffice.fr\/wp-content\/uploads\/2020\/10\/linkandgrow-300x55.jpg 300w\" sizes=\"(max-width: 500px) 100vw, 500px\" \/><\/a><\/figure><div class=\"elementor-image-box-content\"><h3 class=\"elementor-image-box-title\"><a href=\"https:\/\/www.linkandgrow.fr\/\">Link&amp;Grow<\/a><\/h3><p class=\"elementor-image-box-description\">Agence de inbound Marketing<\/p><\/div><\/div>\t\t\t\t<\/div>\n\t\t\t\t<\/div>\n\t\t\t\t\t<\/div>\n\t\t<\/div>\n\t\t\t\t<div class=\"elementor-column elementor-col-33 elementor-top-column elementor-element elementor-element-2056e1d\" data-id=\"2056e1d\" data-element_type=\"column\" data-e-type=\"column\">\n\t\t\t<div class=\"elementor-widget-wrap elementor-element-populated\">\n\t\t\t\t\t\t<div class=\"elementor-element elementor-element-d8cf9f8 elementor-position-top elementor-widget elementor-widget-image-box\" data-id=\"d8cf9f8\" data-element_type=\"widget\" data-e-type=\"widget\" data-widget_type=\"image-box.default\">\n\t\t\t\t<div class=\"elementor-widget-container\">\n\t\t\t\t\t<div class=\"elementor-image-box-wrapper\"><figure class=\"elementor-image-box-img\"><a href=\"https:\/\/dominetonfutur.com\/\" tabindex=\"-1\"><img decoding=\"async\" width=\"280\" height=\"94\" src=\"https:\/\/aeroffice.fr\/wp-content\/uploads\/2020\/10\/dtflogo-white.jpg\" class=\"elementor-animation-float attachment-full size-full wp-image-911\" alt=\"domine ton futur\" \/><\/a><\/figure><div class=\"elementor-image-box-content\"><h3 class=\"elementor-image-box-title\"><a href=\"https:\/\/dominetonfutur.com\/\">Domine ton futur<\/a><\/h3><p class=\"elementor-image-box-description\">Soci\u00e9t\u00e9 d'accompagnement personnalis\u00e9 par des coachs bas\u00e9 sur l'am\u00e9lioration de votre bien-\u00eatre.<\/p><\/div><\/div>\t\t\t\t<\/div>\n\t\t\t\t<\/div>\n\t\t\t\t\t<\/div>\n\t\t<\/div>\n\t\t\t\t<div class=\"elementor-column elementor-col-33 elementor-top-column elementor-element elementor-element-b0e4498\" data-id=\"b0e4498\" data-element_type=\"column\" data-e-type=\"column\">\n\t\t\t<div class=\"elementor-widget-wrap elementor-element-populated\">\n\t\t\t\t\t\t<div class=\"elementor-element elementor-element-48906b5 elementor-position-top elementor-widget elementor-widget-image-box\" data-id=\"48906b5\" data-element_type=\"widget\" data-e-type=\"widget\" data-widget_type=\"image-box.default\">\n\t\t\t\t<div class=\"elementor-widget-container\">\n\t\t\t\t\t<div class=\"elementor-image-box-wrapper\"><figure class=\"elementor-image-box-img\"><a href=\"http:\/\/www.legipractis.fr\" tabindex=\"-1\"><img fetchpriority=\"high\" decoding=\"async\" width=\"3522\" height=\"1311\" src=\"https:\/\/aeroffice.fr\/wp-content\/uploads\/2023\/06\/LOGO-OFFICIAL-LEGIPRACTIS-partenaire.png\" class=\"elementor-animation-float attachment-full size-full wp-image-1440\" alt=\"\" srcset=\"https:\/\/aeroffice.fr\/wp-content\/uploads\/2023\/06\/LOGO-OFFICIAL-LEGIPRACTIS-partenaire.png 3522w, https:\/\/aeroffice.fr\/wp-content\/uploads\/2023\/06\/LOGO-OFFICIAL-LEGIPRACTIS-partenaire-300x112.png 300w, https:\/\/aeroffice.fr\/wp-content\/uploads\/2023\/06\/LOGO-OFFICIAL-LEGIPRACTIS-partenaire-1024x381.png 1024w, https:\/\/aeroffice.fr\/wp-content\/uploads\/2023\/06\/LOGO-OFFICIAL-LEGIPRACTIS-partenaire-768x286.png 768w, https:\/\/aeroffice.fr\/wp-content\/uploads\/2023\/06\/LOGO-OFFICIAL-LEGIPRACTIS-partenaire-1536x572.png 1536w, https:\/\/aeroffice.fr\/wp-content\/uploads\/2023\/06\/LOGO-OFFICIAL-LEGIPRACTIS-partenaire-2048x762.png 2048w\" sizes=\"(max-width: 3522px) 100vw, 3522px\" \/><\/a><\/figure><div class=\"elementor-image-box-content\"><h3 class=\"elementor-image-box-title\"><a href=\"http:\/\/www.legipractis.fr\">LegiPractis<\/a><\/h3><p class=\"elementor-image-box-description\">Organisme de formations juridiques accessibles. Vous former, vous conseiller, c'est tout ce qu'on sait faire ! <\/p><\/div><\/div>\t\t\t\t<\/div>\n\t\t\t\t<\/div>\n\t\t\t\t\t<\/div>\n\t\t<\/div>\n\t\t\t\t\t<\/div>\n\t\t<\/section>\n\t\t\t\t<\/div>\n\t\t","protected":false},"excerpt":{"rendered":"<p>Partenaires \u00a0 Link&#038;Grow Agence de inbound Marketing Domine ton futur Soci\u00e9t\u00e9 d&rsquo;accompagnement personnalis\u00e9 par des coachs bas\u00e9 sur l&rsquo;am\u00e9lioration de votre bien-\u00eatre. LegiPractis Organisme de formations juridiques accessibles. Vous former, vous conseiller, c&rsquo;est tout ce qu&rsquo;on sait faire !<\/p>\n","protected":false},"author":1,"featured_media":0,"parent":0,"menu_order":0,"comment_status":"closed","ping_status":"closed","template":"page-templates\/pagebuilder.php","meta":{"footnotes":""},"class_list":["post-685","page","type-page","status-publish","hentry"],"_links":{"self":[{"href":"https:\/\/aeroffice.fr\/index.php\/wp-json\/wp\/v2\/pages\/685"}],"collection":[{"href":"https:\/\/aeroffice.fr\/index.php\/wp-json\/wp\/v2\/pages"}],"about":[{"href":"https:\/\/aeroffice.fr\/index.php\/wp-json\/wp\/v2\/types\/page"}],"author":[{"embeddable":true,"href":"https:\/\/aeroffice.fr\/index.php\/wp-json\/wp\/v2\/users\/1"}],"replies":[{"embeddable":true,"href":"https:\/\/aeroffice.fr\/index.php\/wp-json\/wp\/v2\/comments?post=685"}],"version-history":[{"count":48,"href":"https:\/\/aeroffice.fr\/index.php\/wp-json\/wp\/v2\/pages\/685\/revisions"}],"predecessor-version":[{"id":1443,"href":"https:\/\/aeroffice.fr\/index.php\/wp-json\/wp\/v2\/pages\/685\/revisions\/1443"}],"wp:attachment":[{"href":"https:\/\/aeroffice.fr\/index.php\/wp-json\/wp\/v2\/media?parent=685"}],"curies":[{"name":"wp","href":"https:\/\/api.w.org\/{rel}","templated":true}]}}